{"id":15,"date":"2025-07-19T15:55:57","date_gmt":"2025-07-19T15:55:57","guid":{"rendered":"https:\/\/lauriaguimaraes.com.br\/ini\/?page_id=15"},"modified":"2026-01-12T12:42:21","modified_gmt":"2026-01-12T12:42:21","slug":"home","status":"publish","type":"page","link":"https:\/\/lauriaguimaraes.com.br\/ini\/","title":{"rendered":"Home"},"content":{"rendered":"<p>[et_pb_section fb_built=&#8221;1&#8243; fullwidth=&#8221;on&#8221; _builder_version=&#8221;4.27.4&#8243; _module_preset=&#8221;default&#8221; global_colors_info=&#8221;{}&#8221;][et_pb_fullwidth_slider _builder_version=&#8221;4.27.4&#8243; _module_preset=&#8221;default&#8221; custom_padding=&#8221;||265px|||&#8221; global_colors_info=&#8221;{}&#8221;][et_pb_slide heading=&#8221;ESTAMOS 100% ON LINE.&#8221; button_text=&#8221;Saiba mais&#8221; button_link=&#8221;https:\/\/lauriaguimaraes.com.br\/ini\/on-line\/&#8221; _builder_version=&#8221;4.27.4&#8243; _module_preset=&#8221;default&#8221; background_image=&#8221;https:\/\/lauriaguimaraes.com.br\/ini\/wp-content\/uploads\/2025\/07\/lauriatopo-01.jpg&#8221; background_enable_image=&#8221;on&#8221; custom_button=&#8221;on&#8221; button_text_size=&#8221;16px&#8221; button_border_width=&#8221;2px&#8221; button_border_radius=&#8221;5px&#8221; button_use_icon=&#8221;off&#8221; text_orientation=&#8221;right&#8221; box_shadow_style_button=&#8221;preset4&#8243; box_shadow_horizontal_button=&#8221;3px&#8221; box_shadow_vertical_button=&#8221;3px&#8221; box_shadow_spread_button=&#8221;-1px&#8221; box_shadow_color_button=&#8221;#FFFFFF&#8221; global_colors_info=&#8221;{}&#8221; sticky_transition=&#8221;on&#8221;]<\/p>\n<p style=\"text-align: right;\">VOCE PODE ACESSAR AS CONTAS DO \u00daLTIMO ANO.<\/p>\n<p>[\/et_pb_slide][\/et_pb_fullwidth_slider][\/et_pb_section][et_pb_section fb_built=&#8221;1&#8243; _builder_version=&#8221;4.27.4&#8243; _module_preset=&#8221;default&#8221; background_color=&#8221;rgba(242,242,242,0.45)&#8221; min_height=&#8221;354.5px&#8221; custom_padding=&#8221;||4px|||&#8221; hover_enabled=&#8221;0&#8243; global_colors_info=&#8221;{}&#8221; sticky_enabled=&#8221;0&#8243;][et_pb_row column_structure=&#8221;1_3,1_3,1_3&#8243; _builder_version=&#8221;4.27.4&#8243; _module_preset=&#8221;default&#8221; hover_enabled=&#8221;0&#8243; global_colors_info=&#8221;{}&#8221; width=&#8221;90%&#8221; max_width=&#8221;1300px&#8221; sticky_enabled=&#8221;0&#8243;][et_pb_column type=&#8221;1_3&#8243; _builder_version=&#8221;4.27.4&#8243; _module_preset=&#8221;default&#8221; global_colors_info=&#8221;{}&#8221;][et_pb_cta title=&#8221;ADM. CONDOMINIO&#8221; button_text=&#8221;Cliques&#8221; _builder_version=&#8221;4.27.4&#8243; _module_preset=&#8221;default&#8221; header_text_color=&#8221;#000000&#8243; body_text_align=&#8221;justify&#8221; body_text_color=&#8221;#000000&#8243; use_background_color=&#8221;off&#8221; custom_margin=&#8221;||1px|||&#8221; global_colors_info=&#8221;{}&#8221;]<\/p>\n<p style=\"text-align: justify;\">A <strong data-start=\"2\" data-end=\"31\">administra\u00e7\u00e3o condominial<\/strong> \u00e9 pe\u00e7a-chave para o bom funcionamento e a harmonia condom\u00ednial, garantindo assim, a organiza\u00e7\u00e3o, transpar\u00eancia e efici\u00eancia na gest\u00e3o do patrim\u00f4nio comum.<\/p>\n<p>[\/et_pb_cta][et_pb_button button_url=&#8221;https:\/\/lauriaguimaraes.com.br\/ini\/condominio\/&#8221; button_text=&#8221;SAIBA MAIS&#8221; button_alignment=&#8221;center&#8221; _builder_version=&#8221;4.27.4&#8243; _module_preset=&#8221;default&#8221; custom_button=&#8221;on&#8221; button_text_size=&#8221;12px&#8221; button_text_color=&#8221;#161616&#8243; box_shadow_style=&#8221;preset4&#8243; box_shadow_horizontal=&#8221;4px&#8221; box_shadow_vertical=&#8221;4px&#8221; global_colors_info=&#8221;{}&#8221;][\/et_pb_button][\/et_pb_column][et_pb_column type=&#8221;1_3&#8243; _builder_version=&#8221;4.27.4&#8243; _module_preset=&#8221;default&#8221; global_colors_info=&#8221;{}&#8221;][et_pb_cta title=&#8221;SINDICO PROFISSIONAL&#8221; button_text=&#8221;Cliques&#8221; _builder_version=&#8221;4.27.4&#8243; _module_preset=&#8221;default&#8221; header_text_color=&#8221;#000000&#8243; body_text_color=&#8221;#000000&#8243; use_background_color=&#8221;off&#8221; custom_margin=&#8221;||0px|||&#8221; global_colors_info=&#8221;{}&#8221;]<\/p>\n<p style=\"text-align: justify;\">O <strong data-start=\"2\" data-end=\"26\">s\u00edndico profissional<\/strong> representa uma evolu\u00e7\u00e3o na gest\u00e3o condominial, trazendo experi\u00eancia, imparcialidade e compet\u00eancia t\u00e9cnica para a administra\u00e7\u00e3o de condom\u00ednios e gest\u00e3o de seus contratos.<\/p>\n<p>[\/et_pb_cta][et_pb_button button_url=&#8221;https:\/\/lauriaguimaraes.com.br\/ini\/sindico-profissional\/&#8221; button_text=&#8221;SAIBA MAIS&#8221; button_alignment=&#8221;center&#8221; _builder_version=&#8221;4.27.4&#8243; _module_preset=&#8221;default&#8221; custom_button=&#8221;on&#8221; button_text_size=&#8221;12px&#8221; button_text_color=&#8221;#212121&#8243; box_shadow_style=&#8221;preset4&#8243; box_shadow_horizontal=&#8221;4px&#8221; box_shadow_vertical=&#8221;4px&#8221; global_colors_info=&#8221;{}&#8221;][\/et_pb_button][\/et_pb_column][et_pb_column type=&#8221;1_3&#8243; _builder_version=&#8221;4.27.4&#8243; _module_preset=&#8221;default&#8221; global_colors_info=&#8221;{}&#8221;][et_pb_cta title=&#8221;SEGURO CONDOMINIAL&#8221; button_text=&#8221;Cliques&#8221; _builder_version=&#8221;4.27.4&#8243; _module_preset=&#8221;default&#8221; header_text_color=&#8221;#000000&#8243; body_text_color=&#8221;#000000&#8243; use_background_color=&#8221;off&#8221; custom_margin=&#8221;||-3px|||&#8221; custom_padding=&#8221;||0px|||&#8221; global_colors_info=&#8221;{}&#8221;]<\/p>\n<p style=\"text-align: justify;\">O <strong data-start=\"2\" data-end=\"24\">seguro condominial<\/strong> \u00e9 uma prote\u00e7\u00e3o indispens\u00e1vel para a seguran\u00e7a e tranquilidade de todos os cond\u00f4minos. Muito mais do que uma obriga\u00e7\u00e3o legal, sua contrata\u00e7\u00e3o representa um gesto de responsabilidade.<\/p>\n<p style=\"text-align: justify;\">\n<p>[\/et_pb_cta][et_pb_button button_url=&#8221;https:\/\/lauriaguimaraes.com.br\/ini\/seguro\/&#8221; button_text=&#8221;SAIBA MAIS&#8221; button_alignment=&#8221;center&#8221; _builder_version=&#8221;4.27.4&#8243; _module_preset=&#8221;default&#8221; custom_button=&#8221;on&#8221; button_text_size=&#8221;12px&#8221; button_text_color=&#8221;#161616&#8243; custom_margin=&#8221;-21px|||||&#8221; box_shadow_style=&#8221;preset4&#8243; box_shadow_horizontal=&#8221;4px&#8221; box_shadow_vertical=&#8221;4px&#8221; global_colors_info=&#8221;{}&#8221;][\/et_pb_button][\/et_pb_column][\/et_pb_row][\/et_pb_section][et_pb_section fb_built=&#8221;1&#8243; _builder_version=&#8221;4.27.4&#8243; _module_preset=&#8221;default&#8221; custom_margin=&#8221;||-8px|||&#8221; custom_padding=&#8221;2px||7px|||&#8221; global_colors_info=&#8221;{}&#8221;][et_pb_row column_structure=&#8221;1_2,1_2&#8243; _builder_version=&#8221;4.27.4&#8243; _module_preset=&#8221;default&#8221; min_height=&#8221;629.9px&#8221; custom_margin=&#8221;|auto|26px|auto||&#8221; custom_padding=&#8221;50px|||||&#8221; hover_enabled=&#8221;0&#8243; global_colors_info=&#8221;{}&#8221; width=&#8221;90%&#8221; max_width=&#8221;1300px&#8221; sticky_enabled=&#8221;0&#8243;][et_pb_column type=&#8221;1_2&#8243; _builder_version=&#8221;4.27.4&#8243; _module_preset=&#8221;default&#8221; global_colors_info=&#8221;{}&#8221;][et_pb_text _builder_version=&#8221;4.27.4&#8243; _module_preset=&#8221;default&#8221; text_text_color=&#8221;#000000&#8243; custom_margin=&#8221;||29px|||&#8221; global_colors_info=&#8221;{}&#8221;]<\/p>\n<p style=\"text-align: justify;\">Nossas solu\u00e7\u00f5es garantem uma <b>gest\u00e3o condominial eficiente, transparente e personalizada<\/b>. Nosso objetivo \u00e9 levar mais <b>tranquilidade e organiza\u00e7\u00e3o<\/b> para s\u00edndicos e moradores.<\/p>\n<p>[\/et_pb_text][et_pb_divider color=&#8221;#0C71C3&#8243; divider_weight=&#8221;4px&#8221; _builder_version=&#8221;4.27.4&#8243; _module_preset=&#8221;default&#8221; width=&#8221;15%&#8221; module_alignment=&#8221;left&#8221; custom_margin=&#8221;|424px||||&#8221; global_colors_info=&#8221;{}&#8221;][\/et_pb_divider][et_pb_text _builder_version=&#8221;4.27.4&#8243; _module_preset=&#8221;default&#8221; text_text_color=&#8221;#000000&#8243; min_height=&#8221;70.4px&#8221; custom_margin=&#8221;-16px|||||&#8221; custom_padding=&#8221;0px||0px|||&#8221; global_colors_info=&#8221;{}&#8221;]<\/p>\n<p style=\"text-align: justify;\">Cuidamos de tudo para o seu condom\u00ednio! Nosso portf\u00f3lio completo de servi\u00e7os atende a condom\u00ednios residenciais e comerciais, garantindo solu\u00e7\u00f5es sob medida.<\/p>\n<p>[\/et_pb_text][et_pb_blurb title=&#8221;\u00c1rea dos cond\u00f4minos&#8221; use_icon=&#8221;on&#8221; font_icon=&#8221;&#xf51c;||fa||900&#8243; icon_color=&#8221;#0C71C3&#8243; image_icon_width=&#8221;30px&#8221; icon_alignment=&#8221;left&#8221; _builder_version=&#8221;4.27.4&#8243; _module_preset=&#8221;default&#8221; body_text_color=&#8221;#000000&#8243; text_orientation=&#8221;justified&#8221; custom_margin=&#8221;-18px|||||&#8221; custom_padding=&#8221;21px|||||&#8221; global_colors_info=&#8221;{}&#8221;]<\/p>\n<p>Com apenas alguns cliques, voc\u00ea tem o controle total do seu condom\u00ednio. Nossa plataforma \u00e9 segura e acess\u00edvel pelo celular ou computador, facilitando seu dia a dia com:<\/p>\n<ul>\n<li><b>Transpar\u00eancia total:<\/b> Acesse livros de presta\u00e7\u00e3o de contas, documentos importantes e informa\u00e7\u00f5es financeiras a qualquer momento.<\/li>\n<li><b>Comunica\u00e7\u00e3o simplificada:<\/b> Consulte atas de reuni\u00f5es, comunicados e receba notifica\u00e7\u00f5es em tempo real.<\/li>\n<li><b>Conveni\u00eancia:<\/b> Fa\u00e7a a reserva de \u00e1reas comuns, como o sal\u00e3o de festas, de forma r\u00e1pida e f\u00e1cil.<\/li>\n<\/ul>\n<p>Tudo isso para agilizar processos, acabar com a burocracia e fortalecer a comunica\u00e7\u00e3o entre todos.<\/p>\n<p>[\/et_pb_blurb][\/et_pb_column][et_pb_column type=&#8221;1_2&#8243; _builder_version=&#8221;4.27.4&#8243; _module_preset=&#8221;default&#8221; global_colors_info=&#8221;{}&#8221;][et_pb_text _builder_version=&#8221;4.27.4&#8243; _module_preset=&#8221;default&#8221; text_text_color=&#8221;#000000&#8243; global_colors_info=&#8221;{}&#8221;]<\/p>\n<p style=\"text-align: justify;\">Com uma interface <b>simples e intuitiva<\/b>, nosso aplicativo oferece uma solu\u00e7\u00e3o completa para a gest\u00e3o de condom\u00ednios. Ele foi pensado para tornar o dia a dia mais pr\u00e1tico, organizado e transparente.<\/p>\n<p>[\/et_pb_text][et_pb_cta title=&#8221;Custo x benef\u00edcio&#8221; button_text=&#8221;Cliques&#8221; _builder_version=&#8221;4.27.4&#8243; _module_preset=&#8221;default&#8221; body_text_color=&#8221;#000000&#8243; background_color=&#8221;#FFFFFF&#8221; background_layout=&#8221;light&#8221; custom_margin=&#8221;||-2px|||&#8221; custom_padding=&#8221;25px|3px|6px|||&#8221; global_colors_info=&#8221;{}&#8221;]<\/p>\n<p>&#8221; Gest\u00e3o inteligente para condomm\u00ednios que querem mais eficiencia e menos despesas.&#8221;<\/p>\n<p>Burocracia encarece a gest\u00e3o. Por isso, a Lauria Guimar\u00e3es usa tecnologia e processos eficientes para simplificar a administra\u00e7\u00e3o e oferecer uma das menores taxa do mercado.<\/p>\n<p>[\/et_pb_cta][et_pb_image src=&#8221;https:\/\/lauriaguimaraes.com.br\/ini\/wp-content\/uploads\/2025\/07\/img-lg2025-scaled.jpg&#8221; title_text=&#8221;img lg2025&#8243; _builder_version=&#8221;4.27.4&#8243; _module_preset=&#8221;default&#8221; global_colors_info=&#8221;{}&#8221;][\/et_pb_image][\/et_pb_column][\/et_pb_row][et_pb_row column_structure=&#8221;1_2,1_2&#8243; _builder_version=&#8221;4.27.4&#8243; _module_preset=&#8221;default&#8221; module_alignment=&#8221;center&#8221; min_height=&#8221;45px&#8221; custom_margin=&#8221;|auto|54px|auto||&#8221; custom_padding=&#8221;1px||0px|||&#8221; hover_enabled=&#8221;0&#8243; global_colors_info=&#8221;{}&#8221; width=&#8221;90%&#8221; max_width=&#8221;1300px&#8221; sticky_enabled=&#8221;0&#8243;][et_pb_column type=&#8221;1_2&#8243; _builder_version=&#8221;4.27.4&#8243; _module_preset=&#8221;default&#8221; global_colors_info=&#8221;{}&#8221;][et_pb_image src=&#8221;https:\/\/lauriaguimaraes.com.br\/ini\/wp-content\/uploads\/2025\/07\/googleplay.png&#8221; title_text=&#8221;googleplay&#8221; url=&#8221;https:\/\/play.google.com\/store\/apps\/details?id=com.condor.superlogica&#038;hl=pt_BR&#038;utm_campaign=medium-&#038;utm_medium=novidades-sistema&#038;utm_source=chegou-app&#038;pli=1&#8243; url_new_window=&#8221;on&#8221; _builder_version=&#8221;4.27.4&#8243; _module_preset=&#8221;default&#8221; width=&#8221;35%&#8221; module_alignment=&#8221;center&#8221; global_colors_info=&#8221;{}&#8221;][\/et_pb_image][\/et_pb_column][et_pb_column type=&#8221;1_2&#8243; _builder_version=&#8221;4.27.4&#8243; _module_preset=&#8221;default&#8221; global_colors_info=&#8221;{}&#8221;][et_pb_image src=&#8221;https:\/\/lauriaguimaraes.com.br\/ini\/wp-content\/uploads\/2025\/07\/app-store.png&#8221; title_text=&#8221;app-store&#8221; url=&#8221;https:\/\/apps.apple.com\/br\/app\/condom%C3%ADnio-%C3%A1rea-do-cond%C3%B4mino\/id1160849001?utm_campaign=medium-&#038;utm_medium=novidades-sistema&#038;utm_source=chegou-app&#8221; url_new_window=&#8221;on&#8221; _builder_version=&#8221;4.27.4&#8243; _module_preset=&#8221;default&#8221; width=&#8221;35%&#8221; module_alignment=&#8221;center&#8221; global_colors_info=&#8221;{}&#8221;][\/et_pb_image][\/et_pb_column][\/et_pb_row][\/et_pb_section][et_pb_section fb_built=&#8221;1&#8243; _builder_version=&#8221;4.27.4&#8243; _module_preset=&#8221;default&#8221; background_color=&#8221;rgba(242,242,242,0.45)&#8221; min_height=&#8221;351.8px&#8221; custom_margin=&#8221;5px||-4px|||&#8221; custom_padding=&#8221;1px||32px|||&#8221; global_colors_info=&#8221;{}&#8221;][et_pb_row column_structure=&#8221;1_3,1_3,1_3&#8243; _builder_version=&#8221;4.27.4&#8243; _module_preset=&#8221;default&#8221; custom_margin=&#8221;30px|auto||auto||&#8221; hover_enabled=&#8221;0&#8243; global_colors_info=&#8221;{}&#8221; width=&#8221;90%&#8221; max_width=&#8221;1300px&#8221; sticky_enabled=&#8221;0&#8243;][et_pb_column type=&#8221;1_3&#8243; _builder_version=&#8221;4.27.4&#8243; _module_preset=&#8221;default&#8221; global_colors_info=&#8221;{}&#8221;][et_pb_blurb title=&#8221;FINANCEIRO&#8221; use_icon=&#8221;on&#8221; font_icon=&#8221;&#xe00e;||divi||400&#8243; icon_color=&#8221;#0C71C3&#8243; icon_placement=&#8221;left&#8221; image_icon_width=&#8221;30px&#8221; _builder_version=&#8221;4.27.4&#8243; _module_preset=&#8221;default&#8221; body_text_color=&#8221;#000000&#8243; global_colors_info=&#8221;{}&#8221;]<\/p>\n<p style=\"text-align: justify;\"><span>As contas do condom\u00ednio sempre em dia, com o controle dos pagamento das despesas mensais e as despesas extraordin\u00e1rias, mediante autoriza\u00e7\u00e3o do s\u00edndico. Boletos mensais enviados por e-mail de forma autom\u00e1tica.<\/span><\/p>\n<p>[\/et_pb_blurb][\/et_pb_column][et_pb_column type=&#8221;1_3&#8243; _builder_version=&#8221;4.27.4&#8243; _module_preset=&#8221;default&#8221; global_colors_info=&#8221;{}&#8221;][et_pb_blurb title=&#8221;JUR\u00cdDICO&#8221; use_icon=&#8221;on&#8221; font_icon=&#8221;&#xf516;||fa||900&#8243; icon_color=&#8221;#0C71C3&#8243; icon_placement=&#8221;left&#8221; image_icon_width=&#8221;30px&#8221; _builder_version=&#8221;4.27.4&#8243; _module_preset=&#8221;default&#8221; body_text_color=&#8221;#000000&#8243; global_colors_info=&#8221;{}&#8221;]<\/p>\n<p style=\"text-align: justify;\"><span>Assessoria jur\u00eddica completa para orienta\u00e7\u00f5es em demandas judiciais e extrajudiciais. Consultoria juridica sobre todas as quest\u00f5es relativas \u00e0 gest\u00e3o condominial, tais como: fiscal, trabalhista e tribut\u00e1ria.<\/span><\/p>\n<p>[\/et_pb_blurb][\/et_pb_column][et_pb_column type=&#8221;1_3&#8243; _builder_version=&#8221;4.27.4&#8243; _module_preset=&#8221;default&#8221; global_colors_info=&#8221;{}&#8221;][et_pb_blurb title=&#8221;TRANSI\u00c7\u00c3O ADMINISTRADORA&#8221; use_icon=&#8221;on&#8221; font_icon=&#8221;&#xf201;||fa||900&#8243; icon_color=&#8221;#0C71C3&#8243; icon_placement=&#8221;left&#8221; image_icon_width=&#8221;30px&#8221; _builder_version=&#8221;4.27.4&#8243; _module_preset=&#8221;default&#8221; body_text_color=&#8221;#000000&#8243; global_colors_info=&#8221;{}&#8221;]<\/p>\n<p style=\"text-align: justify;\"><span>Tranquilidade e seguran\u00e7a para o s\u00edndico em todo o processo de transi\u00e7\u00e3o entre administradoras. Realizamos desde a comunica\u00e7\u00e3o inicial, at\u00e9 a efetiva transfer\u00eancia de administra\u00e7\u00e3o do seu condom\u00ednio.<\/span><\/p>\n<p>[\/et_pb_blurb][\/et_pb_column][\/et_pb_row][et_pb_row column_structure=&#8221;1_3,1_3,1_3&#8243; _builder_version=&#8221;4.27.4&#8243; _module_preset=&#8221;default&#8221; custom_margin=&#8221;15px|auto||auto||&#8221; hover_enabled=&#8221;0&#8243; global_colors_info=&#8221;{}&#8221; width=&#8221;90%&#8221; max_width=&#8221;1300px&#8221; sticky_enabled=&#8221;0&#8243;][et_pb_column type=&#8221;1_3&#8243; _builder_version=&#8221;4.27.4&#8243; _module_preset=&#8221;default&#8221; global_colors_info=&#8221;{}&#8221;][et_pb_blurb title=&#8221;GEST\u00c3O DE PESSOAS&#8221; use_icon=&#8221;on&#8221; font_icon=&#8221;&#xf007;||fa||400&#8243; icon_color=&#8221;#0C71C3&#8243; icon_placement=&#8221;left&#8221; image_icon_width=&#8221;30px&#8221; _builder_version=&#8221;4.27.4&#8243; _module_preset=&#8221;default&#8221; body_text_color=&#8221;#000000&#8243; global_colors_info=&#8221;{}&#8221;]<\/p>\n<p style=\"text-align: justify;\"><span>Gest\u00e3o completa dos empregados do condom\u00ednio. Realizamos todos os pagamentos, encargos e benef\u00edcios, admiss\u00e3o e demiss\u00e3o. Fornecendo todo o suporte a equipe do condom\u00ednio.<\/span><\/p>\n<p>[\/et_pb_blurb][\/et_pb_column][et_pb_column type=&#8221;1_3&#8243; _builder_version=&#8221;4.27.4&#8243; _module_preset=&#8221;default&#8221; global_colors_info=&#8221;{}&#8221;][et_pb_blurb title=&#8221;MANUTEN\u00c7\u00d5ES E OBRIGA\u00c7\u00d5ES&#8221; use_icon=&#8221;on&#8221; font_icon=&#8221;&#xf185;||fa||400&#8243; icon_color=&#8221;#0C71C3&#8243; icon_placement=&#8221;left&#8221; image_icon_width=&#8221;30px&#8221; _builder_version=&#8221;4.27.4&#8243; _module_preset=&#8221;default&#8221; body_text_color=&#8221;#000000&#8243; global_colors_info=&#8221;{}&#8221;]<\/p>\n<p style=\"text-align: justify;\"><span>Controle e aux\u00edlio ao s\u00edndico nas manuten\u00e7\u00f5es e obriga\u00e7\u00f5es legais do condom\u00ednio . Bem como das normas reguladoras do ambiente de trabalho: PGR, PCMSO, ASO e LCAT.<\/span><\/p>\n<p>[\/et_pb_blurb][\/et_pb_column][et_pb_column type=&#8221;1_3&#8243; _builder_version=&#8221;4.27.4&#8243; _module_preset=&#8221;default&#8221; global_colors_info=&#8221;{}&#8221;][et_pb_blurb title=&#8221;SEGUROS&#8221; use_icon=&#8221;on&#8221; font_icon=&#8221;&#xe021;||divi||400&#8243; icon_color=&#8221;#0C71C3&#8243; icon_placement=&#8221;left&#8221; _builder_version=&#8221;4.27.4&#8243; _module_preset=&#8221;default&#8221; body_text_color=&#8221;#000000&#8243; global_colors_info=&#8221;{}&#8221;]<\/p>\n<p style=\"text-align: justify;\"><span>Para sua comodidade, oferecemos uma linha completa de seguros para seu condom\u00ednio, tais como: seguro obrigat\u00f3rio e conte\u00fado para as unidades e seguro dos empregados.<\/span><\/p>\n<p>[\/et_pb_blurb][\/et_pb_column][\/et_pb_row][\/et_pb_section][et_pb_section fb_built=&#8221;1&#8243; _builder_version=&#8221;4.27.4&#8243; _module_preset=&#8221;default&#8221; min_height=&#8221;284px&#8221; custom_margin=&#8221;9px|||||&#8221; custom_padding=&#8221;23px||1px|||&#8221; global_colors_info=&#8221;{}&#8221;][et_pb_row column_structure=&#8221;1_2,1_2&#8243; _builder_version=&#8221;4.27.4&#8243; _module_preset=&#8221;default&#8221; custom_margin=&#8221;20px|auto||auto||&#8221; custom_padding=&#8221;||0px|||&#8221; hover_enabled=&#8221;0&#8243; global_colors_info=&#8221;{}&#8221; width=&#8221;90%&#8221; max_width=&#8221;1300px&#8221; sticky_enabled=&#8221;0&#8243;][et_pb_column type=&#8221;1_2&#8243; _builder_version=&#8221;4.27.4&#8243; _module_preset=&#8221;default&#8221; global_colors_info=&#8221;{}&#8221;][et_pb_testimonial quote_icon_color=&#8221;#0C71C3&#8243; portrait_width=&#8221;1px&#8221; portrait_height=&#8221;1px&#8221; _builder_version=&#8221;4.27.4&#8243; _module_preset=&#8221;default&#8221; body_text_color=&#8221;#000000&#8243; background_color=&#8221;#FFFFFF&#8221; global_colors_info=&#8221;{}&#8221;]<\/p>\n<p class=\"font_8 wixui-rich-text__text\" style=\"text-align: justify;\"><span class=\"wixui-rich-text__text\"><span class=\"color_15 wixui-rich-text__text\">A parceria da administradora e a proximidade com a equipe da Lauria Guimar\u00e3es facilita os tr\u00e2mites di\u00e1rios e sem d\u00favidas colabora positivamente nas minhas tomadas de decis\u00f5es como s\u00edndica.<\/span><\/span><\/p>\n<p class=\"font_8 wixui-rich-text__text\" style=\"text-align: justify;\"><span class=\"wixui-rich-text__text\"><span class=\"color_15 wixui-rich-text__text\">Tenho todo esse apoio ao longo de quase dez anos e pretendo manter a parceria enquanto estiver \u00e0 frente.<\/span><\/span><\/p>\n<p><span>Maria Jose<br class=\"wixui-rich-text__text\" \/>S\u00edndica Cond. Edi\u00e7\u00e3o<\/span><span><\/span><\/p>\n<p>[\/et_pb_testimonial][\/et_pb_column][et_pb_column type=&#8221;1_2&#8243; _builder_version=&#8221;4.27.4&#8243; _module_preset=&#8221;default&#8221; global_colors_info=&#8221;{}&#8221;][et_pb_testimonial quote_icon_color=&#8221;#0C71C3&#8243; _builder_version=&#8221;4.27.4&#8243; _module_preset=&#8221;default&#8221; body_text_color=&#8221;#000000&#8243; background_color=&#8221;#FFFFFF&#8221; global_colors_info=&#8221;{}&#8221;]<\/p>\n<p style=\"text-align: justify;\"><span>A Lauria Guimar\u00e3es trabalha em parceria com o s\u00edndico trazendo confian\u00e7a, tranquilidade e dando o suporte necess\u00e1rio para uma administra\u00e7\u00e3o tranquila do nosso condom\u00ednio. Parab\u00e9ns \u00e0 empresa.<\/span><\/p>\n<p style=\"text-align: justify;\"><span>Paulo\u00a0<br class=\"wixui-rich-text__text\" \/>S\u00edndico do Cond. Sinha Rose<\/span><\/p>\n<p>[\/et_pb_testimonial][\/et_pb_column][\/et_pb_row][\/et_pb_section][et_pb_section fb_built=&#8221;1&#8243; fullwidth=&#8221;on&#8221; _builder_version=&#8221;4.27.4&#8243; _module_preset=&#8221;default&#8221; global_colors_info=&#8221;{}&#8221;][et_pb_fullwidth_map address=&#8221;R. Silva Pinto, 49 &#8211; Vila Isabel, Rio de Janeiro &#8211; RJ, 20551-190, Brasil&#8221; address_lat=&#8221;-22.9164573&#8243; address_lng=&#8221;-43.2477962&#8243; _builder_version=&#8221;4.27.4&#8243; _module_preset=&#8221;default&#8221; min_height=&#8221;482px&#8221; height=&#8221;300px&#8221; custom_margin=&#8221;-19px|||||&#8221; custom_padding=&#8221;0px||0px|||&#8221; global_colors_info=&#8221;{}&#8221;][\/et_pb_fullwidth_map][\/et_pb_section]<\/p>\n","protected":false},"excerpt":{"rendered":"<p>VOCE PODE ACESSAR AS CONTAS DO \u00daLTIMO ANO.A administra\u00e7\u00e3o condominial \u00e9 pe\u00e7a-chave para o bom funcionamento e a harmonia condom\u00ednial, garantindo assim, a organiza\u00e7\u00e3o, transpar\u00eancia e efici\u00eancia na gest\u00e3o do patrim\u00f4nio comum.O s\u00edndico profissional representa uma evolu\u00e7\u00e3o na gest\u00e3o condominial, trazendo experi\u00eancia, imparcialidade e compet\u00eancia t\u00e9cnica para a administra\u00e7\u00e3o de condom\u00ednios e gest\u00e3o de seus [&hellip;]<\/p>\n","protected":false},"author":1,"featured_media":0,"parent":0,"menu_order":0,"comment_status":"closed","ping_status":"closed","template":"","meta":{"_et_pb_use_builder":"on","_et_pb_old_content":"","_et_gb_content_width":"","footnotes":""},"class_list":["post-15","page","type-page","status-publish","hentry"],"_links":{"self":[{"href":"https:\/\/lauriaguimaraes.com.br\/ini\/wp-json\/wp\/v2\/pages\/15","targetHints":{"allow":["GET"]}}],"collection":[{"href":"https:\/\/lauriaguimaraes.com.br\/ini\/wp-json\/wp\/v2\/pages"}],"about":[{"href":"https:\/\/lauriaguimaraes.com.br\/ini\/wp-json\/wp\/v2\/types\/page"}],"author":[{"embeddable":true,"href":"https:\/\/lauriaguimaraes.com.br\/ini\/wp-json\/wp\/v2\/users\/1"}],"replies":[{"embeddable":true,"href":"https:\/\/lauriaguimaraes.com.br\/ini\/wp-json\/wp\/v2\/comments?post=15"}],"version-history":[{"count":69,"href":"https:\/\/lauriaguimaraes.com.br\/ini\/wp-json\/wp\/v2\/pages\/15\/revisions"}],"predecessor-version":[{"id":418,"href":"https:\/\/lauriaguimaraes.com.br\/ini\/wp-json\/wp\/v2\/pages\/15\/revisions\/418"}],"wp:attachment":[{"href":"https:\/\/lauriaguimaraes.com.br\/ini\/wp-json\/wp\/v2\/media?parent=15"}],"curies":[{"name":"wp","href":"https:\/\/api.w.org\/{rel}","templated":true}]}}